{"id":921,"date":"2021-11-30T23:50:39","date_gmt":"2021-11-30T20:50:39","guid":{"rendered":"https:\/\/isfas2021.atauni.edu.tr\/?page_id=921"},"modified":"2021-11-30T23:51:40","modified_gmt":"2021-11-30T20:51:40","slug":"e-kitap-yayini","status":"publish","type":"page","link":"https:\/\/isfas2021.atauni.edu.tr\/index.php\/tr\/e-kitap-yayini\/","title":{"rendered":"E-K\u0130TAP YAYINI"},"content":{"rendered":"\n<p><strong><span style=\"color:#000000\" class=\"has-inline-color\">E-kitap yay\u0131n\u0131m\u0131z\u0131 g\u00f6r\u00fcnt\u00fclemek i\u00e7in a\u015fa\u011f\u0131daki linke t\u0131klay\u0131n\u0131z.<\/span><\/strong><\/p>\n\n\n\n<p><a href=\"https:\/\/ekitap.atauni.edu.tr\/index.php\/product\/1st-international-symposium-on-recent-advances-in-fundamental-and-applied-sciences-isfas-2021-abstract-and-full-text-symposium-book\/\">https:\/\/ekitap.atauni.edu.tr\/index.php\/product\/1st-international-symposium-on-recent-advances-in-fundamental-and-applied-sciences-isfas-2021-abstract-and-full-text-symposium-book\/<\/a><\/p>\n","protected":false},"excerpt":{"rendered":"<p>E-kitap yay\u0131n\u0131m\u0131z\u0131 g\u00f6r\u00fcnt\u00fclemek i\u00e7in a\u015fa\u011f\u0131daki linke t\u0131klay\u0131n\u0131z. https:\/\/ekitap.atauni.edu.tr\/index.php\/product\/1st-international-symposium-on-recent-advances-in-fundamental-and-applied-sciences-isfas-2021-abstract-and-full-text-symposium-book\/<\/p>\n","protected":false},"author":1,"featured_media":0,"parent":0,"menu_order":0,"comment_status":"closed","ping_status":"closed","template":"","meta":{"footnotes":""},"class_list":["post-921","page","type-page","status-publish","hentry"],"_links":{"self":[{"href":"https:\/\/isfas2021.atauni.edu.tr\/index.php\/wp-json\/wp\/v2\/pages\/921","targetHints":{"allow":["GET"]}}],"collection":[{"href":"https:\/\/isfas2021.atauni.edu.tr\/index.php\/wp-json\/wp\/v2\/pages"}],"about":[{"href":"https:\/\/isfas2021.atauni.edu.tr\/index.php\/wp-json\/wp\/v2\/types\/page"}],"author":[{"embeddable":true,"href":"https:\/\/isfas2021.atauni.edu.tr\/index.php\/wp-json\/wp\/v2\/users\/1"}],"replies":[{"embeddable":true,"href":"https:\/\/isfas2021.atauni.edu.tr\/index.php\/wp-json\/wp\/v2\/comments?post=921"}],"version-history":[{"count":2,"href":"https:\/\/isfas2021.atauni.edu.tr\/index.php\/wp-json\/wp\/v2\/pages\/921\/revisions"}],"predecessor-version":[{"id":924,"href":"https:\/\/isfas2021.atauni.edu.tr\/index.php\/wp-json\/wp\/v2\/pages\/921\/revisions\/924"}],"wp:attachment":[{"href":"https:\/\/isfas2021.atauni.edu.tr\/index.php\/wp-json\/wp\/v2\/media?parent=921"}],"curies":[{"name":"wp","href":"https:\/\/api.w.org\/{rel}","templated":true}]}}