{"id":295,"date":"2021-06-07T13:10:33","date_gmt":"2021-06-07T10:10:33","guid":{"rendered":"https:\/\/isfas2021.atauni.edu.tr\/?page_id=295"},"modified":"2021-06-23T15:38:58","modified_gmt":"2021-06-23T12:38:58","slug":"iletisim","status":"publish","type":"page","link":"https:\/\/isfas2021.atauni.edu.tr\/index.php\/tr\/iletisim\/","title":{"rendered":"\u0130leti\u015fim"},"content":{"rendered":"\n<figure class=\"wp-block-table\"><table class=\"has-subtle-pale-blue-background-color has-background\"><tbody><tr><td><strong>Atat\u00fcrk University<\/strong> <strong>Faculty of Science<\/strong>, <strong>Erzurum, TURKEY<\/strong><\/td><td><strong>e-mail: isfas@atauni.edu.tr<\/strong><strong><\/strong><\/td><\/tr><tr><td><strong>\u0130lham Nas\u0131ro\u011flu (Dr. \u00d6\u011fr. \u00dcyesi)<\/strong><\/td><td><strong>Phone: +90 544 9737324<\/strong><\/td><\/tr><tr><td><strong>Mehmet Akif \u00d6mero\u011flu (Ar\u015f. G\u00f6r.)<\/strong><\/td><td><strong>Phone: +90 536 6531395<\/strong><\/td><\/tr><\/tbody><\/table><\/figure>\n\n\n\n<p><\/p>\n","protected":false},"excerpt":{"rendered":"<p>Atat\u00fcrk University Faculty of Science, Erzurum, TURKEY e-mail: isfas@atauni.edu.tr \u0130lham Nas\u0131ro\u011flu (Dr. \u00d6\u011fr. \u00dcyesi) Phone: +90 544 9737324 Mehmet Akif \u00d6mero\u011flu (Ar\u015f. G\u00f6r.) Phone: +90 536 6531395<\/p>\n","protected":false},"author":1,"featured_media":0,"parent":0,"menu_order":0,"comment_status":"closed","ping_status":"closed","template":"","meta":{"footnotes":""},"class_list":["post-295","page","type-page","status-publish","hentry"],"_links":{"self":[{"href":"https:\/\/isfas2021.atauni.edu.tr\/index.php\/wp-json\/wp\/v2\/pages\/295","targetHints":{"allow":["GET"]}}],"collection":[{"href":"https:\/\/isfas2021.atauni.edu.tr\/index.php\/wp-json\/wp\/v2\/pages"}],"about":[{"href":"https:\/\/isfas2021.atauni.edu.tr\/index.php\/wp-json\/wp\/v2\/types\/page"}],"author":[{"embeddable":true,"href":"https:\/\/isfas2021.atauni.edu.tr\/index.php\/wp-json\/wp\/v2\/users\/1"}],"replies":[{"embeddable":true,"href":"https:\/\/isfas2021.atauni.edu.tr\/index.php\/wp-json\/wp\/v2\/comments?post=295"}],"version-history":[{"count":5,"href":"https:\/\/isfas2021.atauni.edu.tr\/index.php\/wp-json\/wp\/v2\/pages\/295\/revisions"}],"predecessor-version":[{"id":649,"href":"https:\/\/isfas2021.atauni.edu.tr\/index.php\/wp-json\/wp\/v2\/pages\/295\/revisions\/649"}],"wp:attachment":[{"href":"https:\/\/isfas2021.atauni.edu.tr\/index.php\/wp-json\/wp\/v2\/media?parent=295"}],"curies":[{"name":"wp","href":"https:\/\/api.w.org\/{rel}","templated":true}]}}