{"id":289,"date":"2021-06-07T13:09:22","date_gmt":"2021-06-07T10:09:22","guid":{"rendered":"https:\/\/isfas2021.atauni.edu.tr\/?page_id=289"},"modified":"2021-06-23T14:21:06","modified_gmt":"2021-06-23T11:21:06","slug":"komite-ve-kurullar","status":"publish","type":"page","link":"https:\/\/isfas2021.atauni.edu.tr\/index.php\/tr\/komite-ve-kurullar\/","title":{"rendered":"Kurallar"},"content":{"rendered":"\n<p class=\"has-text-color\" style=\"color:#ffffff\"><strong>KATILIMCILAR \u0130\u00c7\u0130N KAYIT B\u0130LG\u0130LER\u0130<\/strong><\/p>\n\n\n\n<ol type=\"1\" class=\"has-text-color has-background wp-block-list\" style=\"background-color:#0070a0;color:#ffffff\"><li>Sempozyuma uzaktan eri\u015fim\/online olarak yap\u0131lmakta olup, fiziki kat\u0131l\u0131m s\u00f6z konusu de\u011fildir. Online kat\u0131l\u0131m i\u00e7in her kat\u0131l\u0131mc\u0131ya, kat\u0131l\u0131m sa\u011flamas\u0131 i\u00e7in ayr\u0131 ayr\u0131 \u015fifreler sistemde kay\u0131tl\u0131 \u00fcyelik bilgileri \u00fczerinden kay\u0131t s\u0131ras\u0131nda kulland\u0131\u011f\u0131 mail adresine g\u00f6nderilmektedir. \u015eifreler sempozyum kat\u0131l\u0131mc\u0131lar\u0131na tek tek g\u00f6nderilmekte olup, kay\u0131tl\u0131 olmayan kat\u0131l\u0131mc\u0131lar sempozyuma kat\u0131l\u0131m sa\u011flayamazlar. Bu nedenle sistem y\u00f6neticisi sadece sistemde kayd\u0131 olan ki\u015filer i\u00e7in sisteme giri\u015f izni vermektedir.<\/li><li>Sempozyum ulusal ve uluslararas\u0131 nitelikte olup, akademik te\u015fvik kriterlerini ve do\u00e7entlik ba\u015fvuru kriterlerini ta\u015f\u0131maktad\u0131r.<\/li><li>Sempozyum oturumlar\u0131nda bulunan bildirilerin sunum \u015fekli, s\u0131ralamas\u0131, \u00f6ne al\u0131nmas\u0131, yer de\u011fi\u015ftirilmesi ve di\u011fer her t\u00fcrl\u00fc y\u00f6netim ilgili oturum ba\u015fkan\u0131na aittir. Bu nedenle sempozyum kurullar\u0131 ve di\u011fer ilgililer oturumlara y\u00f6nelik m\u00fcdahale edemez ve oturum ba\u015fkanlar\u0131n\u0131n g\u00f6revlerine kar\u0131\u015famaz. Bu konudaki her t\u00fcrl\u00fc talep ve istek ilgili oturum ba\u015fkanlar\u0131na iletilmek zorundad\u0131r.<\/li><li>Bir kay\u0131t ile ancak iki bildiri ile kat\u0131labilirsiniz. Bu bildiri sunum \u015fekli ilgili kat\u0131l\u0131mc\u0131n\u0131n tercihine ba\u011fl\u0131d\u0131r.<\/li><li>Sempozyumda sunumlar \u0130ngilizce ve T\u00fcrk\u00e7e olarak yap\u0131lmaktad\u0131r. Bu sunum tercihi sempozyum bildiri \u00f6zeti y\u00fcklenirken tercih edilmelidir. Hangi dilde sunum yapmak isteniyor ise sadece o dilde haz\u0131rlanm\u0131\u015f olan bildiri ile kat\u0131l\u0131n\u0131z. Sundu\u011funuz ve tercih etti\u011finiz dilin d\u0131\u015f\u0131nda \u00f6zet ve tam metin g\u00f6ndermeyiniz.<\/li><li>Sempozyuma g\u00f6nderilen bildiri e\u011fer\u00a0<em><strong>\u201cY\u00dcKSEK L\u0130SANS ve DOKTORA\u201d<\/strong><\/em>\u00a0tezlerinden t\u00fcretilmi\u015f ve \u00fcretilmi\u015f ise ilk s\u0131rada ilgili \u00e7al\u0131\u015fman\u0131n sahibi ve ikinci s\u0131rada ilgili \u00e7al\u0131\u015fman\u0131n dan\u0131\u015fman\u0131n\u0131n ismi yer almak zorunad\u0131r. \u00a0Bu zorunlulu\u011fa sempozyuma kat\u0131lan her kat\u0131l\u0131mc\u0131 uymakla y\u00fck\u00fcml\u00fcd\u00fcr. Olu\u015fan sorun ve aksakl\u0131ktan ilgili kat\u0131l\u0131mc\u0131(lar) sorumlu olup, sempozyum y\u00f6netimi ve kurullar y\u00fck\u00fcml\u00fcl\u00fck kabul etmez. Ayr\u0131ca ilgili bildiri projeden \u00fcretilmi\u015f ve bir kurum taraf\u0131ndan desteklenmi\u015f ise proje kodu\/numaras\u0131 ve projeye ait bilgiler \u00f6zet metin sonunda mutlaka belirtilmelidir. Bu eksiklikten do\u011fan olumsuzluk kat\u0131l\u0131mc\u0131ya aittir.<\/li><li>Sempozyumda her t\u00fcrl\u00fc i\u015flem sistem \u00fczerinden yap\u0131lmakta olup, mail \u00fczerinden yap\u0131lan i\u015flemler kabul edilmemektedir. Bu nedenle bildiri g\u00f6nderimlerini mutlaka sistem \u00fczerinden yapt\u0131\u011f\u0131n\u0131z \u00fcyelik bilgileriniz ile ger\u00e7ekle\u015ftiriniz. Sempozyuma ili\u015fkin her t\u00fcrl\u00fc bilgi sempozyum sitesinde yer almaktad\u0131r.<\/li><li>Tam metin g\u00f6nderimi sempozyumda zorunlu de\u011fildir. Akademik te\u015fvik kriterlerinden yararlanacak olan kat\u0131l\u0131mc\u0131lar i\u00e7in\u00a0<em><strong>\u201cTAM MET\u0130N G\u00d6NDER\u0130M\u0130 ZORUNLUDUR.\u201d<\/strong><\/em><\/li><li>Her bildiri bir hakem onay\u0131na g\u00f6nderilir. Hakem onay\u0131ndan ge\u00e7en bildiriler \u201cS\u00d6ZEL\u201d olarak s\u0131rada ibaresi ile sistemde g\u00f6r\u00fcnmektedir. Bu nedenle kabul edilen ve s\u0131raya al\u0131nan bildirilere y\u00f6nelik sistem taraf\u0131ndan ilgili sisteme \u00fcye kat\u0131l\u0131mc\u0131n\u0131n sisteme kay\u0131tl\u0131 mail adresine otomatik mail bilgisi g\u00f6nderilmektedir. Kay\u0131t yapt\u0131rmayan kat\u0131l\u0131mc\u0131lar sisteme tam metin y\u00fcklemesi yapamazlar. Tam metin y\u00fcklemesi ancak kay\u0131t yapt\u0131ran ve \u00f6n panele aktar\u0131lan bildiriler i\u00e7in ge\u00e7erlidir.<\/li><li>Bildiri  sempozyumun sonunda hakemler taraf\u0131ndan kabul edildi\u011finde kat\u0131l\u0131m belgeniz taraf\u0131n\u0131za e-posta ile g\u00f6nderilecektir.<\/li><li><em>Say\u0131n kat\u0131l\u0131mc\u0131lar bildiriler tam metin olarak yay\u0131nlanacakt\u0131r. Tam metin g\u00f6ndermeyen kat\u0131l\u0131mc\u0131lar\u0131n ise ayn\u0131 kitap i\u00e7erisinde \u00f6zet metinlerine yer verilecektir. \u00a0Sempozyum bildiri kitab\u0131 E-ISBN ile sempozyum sonras\u0131nda sempozyum\u00a0web sitesinde PDF olarak yay\u0131nlanacakt\u0131r. Kat\u0131l\u0131mc\u0131lara ait kat\u0131l\u0131m belgeleri kat\u0131l\u0131mc\u0131n\u0131n \u00fcyelik s\u0131ras\u0131nda kulland\u0131\u011f\u0131 mail adresine PDF format\u0131nda g\u00f6nderilecektir. <\/em><\/li><li><em>Kat\u0131l\u0131mc\u0131lara ait her bildiri i\u00e7in kat\u0131l\u0131m belgesi ayr\u0131 ayr\u0131 d\u00fczenlenmekte ve sunum yapan ki\u015fiyle kat\u0131l\u0131mc\u0131ya g\u00f6nderilecektir. Kat\u0131l\u0131m belgeleri her bildiri i\u00e7in d\u00fczenlenecektir.<\/em><\/li><\/ol>\n\n\n\n<p><\/p>\n\n\n\n<p class=\"has-text-color\" style=\"color:#a33500\"><strong>Not: Sempozyum Dilleri: T\u00fcrk\u00e7e (T\u00fcm leh\u00e7eler) ve \u0130ngilizce<\/strong><\/p>\n","protected":false},"excerpt":{"rendered":"<p>KATILIMCILAR \u0130\u00c7\u0130N KAYIT B\u0130LG\u0130LER\u0130 Sempozyuma uzaktan eri\u015fim\/online olarak yap\u0131lmakta olup, fiziki kat\u0131l\u0131m s\u00f6z konusu de\u011fildir. Online kat\u0131l\u0131m i\u00e7in her kat\u0131l\u0131mc\u0131ya, kat\u0131l\u0131m sa\u011flamas\u0131 i\u00e7in ayr\u0131 ayr\u0131 \u015fifreler sistemde kay\u0131tl\u0131 \u00fcyelik bilgileri \u00fczerinden kay\u0131t s\u0131ras\u0131nda kulland\u0131\u011f\u0131 mail adresine g\u00f6nderilmektedir. \u015eifreler sempozyum kat\u0131l\u0131mc\u0131lar\u0131na tek tek g\u00f6nderilmekte olup, kay\u0131tl\u0131 olmayan kat\u0131l\u0131mc\u0131lar sempozyuma kat\u0131l\u0131m sa\u011flayamazlar. Bu nedenle sistem y\u00f6neticisi sadece [&hellip;]<\/p>\n","protected":false},"author":1,"featured_media":0,"parent":0,"menu_order":0,"comment_status":"closed","ping_status":"closed","template":"","meta":{"footnotes":""},"class_list":["post-289","page","type-page","status-publish","hentry"],"_links":{"self":[{"href":"https:\/\/isfas2021.atauni.edu.tr\/index.php\/wp-json\/wp\/v2\/pages\/289","targetHints":{"allow":["GET"]}}],"collection":[{"href":"https:\/\/isfas2021.atauni.edu.tr\/index.php\/wp-json\/wp\/v2\/pages"}],"about":[{"href":"https:\/\/isfas2021.atauni.edu.tr\/index.php\/wp-json\/wp\/v2\/types\/page"}],"author":[{"embeddable":true,"href":"https:\/\/isfas2021.atauni.edu.tr\/index.php\/wp-json\/wp\/v2\/users\/1"}],"replies":[{"embeddable":true,"href":"https:\/\/isfas2021.atauni.edu.tr\/index.php\/wp-json\/wp\/v2\/comments?post=289"}],"version-history":[{"count":12,"href":"https:\/\/isfas2021.atauni.edu.tr\/index.php\/wp-json\/wp\/v2\/pages\/289\/revisions"}],"predecessor-version":[{"id":639,"href":"https:\/\/isfas2021.atauni.edu.tr\/index.php\/wp-json\/wp\/v2\/pages\/289\/revisions\/639"}],"wp:attachment":[{"href":"https:\/\/isfas2021.atauni.edu.tr\/index.php\/wp-json\/wp\/v2\/media?parent=289"}],"curies":[{"name":"wp","href":"https:\/\/api.w.org\/{rel}","templated":true}]}}