{"id":284,"date":"2021-06-07T13:08:33","date_gmt":"2021-06-07T10:08:33","guid":{"rendered":"https:\/\/isfas2021.atauni.edu.tr\/?page_id=284"},"modified":"2021-08-19T11:01:24","modified_gmt":"2021-08-19T08:01:24","slug":"konular","status":"publish","type":"page","link":"https:\/\/isfas2021.atauni.edu.tr\/index.php\/tr\/konular\/","title":{"rendered":"Konular"},"content":{"rendered":"\n<figure class=\"wp-block-table\"><table><tbody><tr><td><span style=\"color:#a30009\" class=\"has-inline-color\">1.\u00a0 <strong>Sunulmak \u00fczere g\u00f6nderilen \u00f6zetler, se\u00e7kin Bilim Kurulu \u00dcyeleri taraf\u0131ndan kapsaml\u0131 bir se\u00e7im s\u00fcrecinden ge\u00e7ecektir.<\/strong><br>2.\u00a0 <strong>Sempozyumun resmi dili T\u00fcrk\u00e7e ve \u0130ngilizce olup, t\u00fcm \u00f6zetler \u0130ngilizce ve T\u00fcrk\u00e7e olarak yaz\u0131lmal\u0131 ve sunulmal\u0131d\u0131r. Kabul edilen sunumlar\u0131n s\u00fcresi 15+5 dakikad\u0131r. \u00d6zetler (m\u00fcmk\u00fcnse) bir sayfay\u0131 ge\u00e7memelidir.<\/strong><br>3. <strong>Yazarlar resmi \u015fablonu (Word) kullanmal\u0131 ve \u00f6zet \u015fablonunda ayr\u0131nt\u0131l\u0131 olarak verilen \u00f6zet y\u00f6nergelerine kesinlikle uymal\u0131d\u0131r.<\/strong><br> 4.<strong>Kabul edilen ve sunulan t\u00fcm bildirilerin \u00f6zetleri konferans \u00f6zetleri kitab\u0131nda yay\u0131nlanacakt\u0131r.<\/strong><\/span><br><span style=\"color:#0171a1\" class=\"has-inline-color\"><strong>\u00d6ZET VE TAM MET\u0130N G\u00d6NDER\u0130M\u0130<\/strong> <strong>\u00a0<\/strong> <br><strong><strong>Sempozyum<\/strong>a bildiri \u00f6zeti g\u00f6ndererek ba\u015fvurman\u0131z gerekmektedir. \u00d6zet de\u011ferlendirme s\u00fcreci en fazla 10 g\u00fcn s\u00fcrebilir.<\/strong> <strong>De\u011ferlendirme sonras\u0131 yazara gecikmeksizin bilgi verilir. \u00d6zetleriniz 200-300 kelime aral\u0131\u011f\u0131nda olmal\u0131d\u0131r.<\/strong> <strong>\u00d6zetlerinize mutlaka \u0130ngilizce ABSTRACT eklemelisiniz. \u00d6zetlerinizi Word\/doc format\u0131nda en ge\u00e7 1 Eyl\u00fcl 2021 tarihine kadar g\u00f6ndermeniz gerekmektedir.<\/strong> <\/span><br><span style=\"color:#0171a1\" class=\"has-inline-color\"> <strong><strong>Sempozyumda<\/strong> tam metin \u015fart\u0131 aranmamaktad\u0131r. Tam metinlerinizi <strong>Sempozyum<\/strong> kitab\u0131nda yay\u0131nlamak istiyorsan\u0131z, TAM MET\u0130NLER\u0130N\u0130Z\u0130, \u00f6zetinizin kabul edilmesinden sonra en ge\u00e7 19 Eyl\u00fcl 2021 tarihine kadar isfas@atauni.edu.tr adresine g\u00f6ndermeniz gerekmektedir.<\/strong> <strong>D\u0130KKAT<\/strong> <strong>\u00d6zetinizde ORCID NO, cep telefon numaras\u0131, \u0130ngilizce \u00f6zet eklenmesi zorunludur.<\/strong><br><br><strong>TAM MET\u0130N YAZMA KURALLARI<\/strong><br><strong>&#8211; Times new roman, 12 punto yaz\u0131n\u0131z. (Makale ba\u015fl\u0131\u011f\u0131, yazar isimleri, kurum isimleri, e-posta adresleri, \u00f6zet ve t\u00fcm anahtar kelimeler 12 punto olmal\u0131d\u0131r. Grafik, tablo gibi k\u0131s\u0131mlar i\u00e7in yazar\u0131n yaz\u0131 tipi boyutu yazar taraf\u0131ndan en uygun \u015fekilde belirlenebilir.)<\/strong><br><strong>&#8211; Sat\u0131r aral\u0131\u011f\u0131n\u0131 1,25 veriniz.<\/strong><br><strong>&#8211; Paragraf\u0131n ba\u015flang\u0131c\u0131n\u0131 soldan girintili yapmay\u0131n\u0131z.<\/strong><br><strong>&#8211; ANA ba\u015fl\u0131klar B\u00dcY\u00dcK harflerle ve koyu olarak yaz\u0131lmal\u0131d\u0131r.<\/strong><br><strong>&#8211; \u0130stedi\u011finiz al\u0131nt\u0131 stilini kullanabilirsiniz<\/strong><br><strong>&#8211; Tam metinleriniz en az 3 sayfa olmal\u0131d\u0131r.<\/strong><br><strong>&#8211; Tam metinlerinizde \u00d6ZET, G\u0130R\u0130\u015e, ARA\u015eTIRMA VE BULGULAR, SONU\u00c7 ve KAYNAK\u00c7A b\u00f6l\u00fcmleri ayr\u0131 ba\u015fl\u0131klar alt\u0131nda g\u00f6sterilmelidir.<\/strong><br><strong>\u00a0<\/strong><br><strong>En ge\u00e7 1 Eyl\u00fcl 2021tarihine kadar doc\/Word format\u0131nda (tam metin \u015fart\u0131 aranmamaktad\u0131r) g\u00f6ndermeniz gerekmektedir.<\/strong><\/span><\/td><\/tr><\/tbody><\/table><\/figure>\n\n\n\n<p><strong><span style=\"color:#0173a4\" class=\"has-inline-color\"><strong>SEMPOZYUM<\/strong> KONULARI<\/span><\/strong><\/p>\n\n\n\n<ul class=\"has-text-color has-background wp-block-list\" style=\"background-color:#0376a8;color:#f5f5f5\"><li><strong>Astronomi ve Uzay bilimleri<\/strong><\/li><li><strong>Biyoinformatik<\/strong><\/li><li><strong>Biyokimya<\/strong><\/li><li><strong>Biyoloji<\/strong><\/li><li><strong>Biyomalzemeler ve Uygulamalar\u0131<\/strong><\/li><li><strong>Biyoteknoloji<\/strong><\/li><li><strong>Cebir ve Say\u0131 Teorisi<\/strong><\/li><li><strong>Do\u011fa Bilimleri<\/strong><\/li><li><strong>Epigenetik<\/strong><\/li><li><strong>Fizik<\/strong><\/li><li><strong>Fonksiyonel Analiz ve Fonksiyonlar Teorisi<\/strong><\/li><li><strong>Gen M\u00fchendisli\u011fi<\/strong><\/li><li><strong>Genomik ve Proteomik<\/strong><\/li><li><strong>Geometri<\/strong><\/li><li><strong>Hesaplama Y\u00f6ntemleri<\/strong><\/li><li><strong>Kimya<\/strong><\/li><li><strong>Kinetik ve Dinamik<\/strong><\/li><li><strong>K\u00f6k H\u00fccre<\/strong><\/li><li><strong>Kristalografi ve Sa\u00e7\u0131lma Y\u00f6ntemleri<\/strong><\/li><li><strong>Malzeme Bilimi M\u00fchendisli\u011fi<\/strong><\/li><li><strong>Mikrobiyoloji<\/strong><\/li><li><strong>Molek\u00fcler ve H\u00fccresel Biyoloji<\/strong><\/li><li><strong>Nanomalzemeler ve Nanoteknoloji<\/strong><\/li><li><strong>N\u00fckleer Sa\u00e7\u0131lma ve Reaksiyonlar<\/strong><\/li><li><strong>Optik ve Manyetik Malzemeler<\/strong><\/li><li><strong>Optoelektronik Malzemeler<\/strong><\/li><li><strong>Organik Kimya<\/strong><\/li><li><strong>Organik Yar\u0131iletkenler ve Cihazlar<\/strong><\/li><li><strong>Polimer Bilimi ve Teknolojisi<\/strong><\/li><li><strong>Radyasyon Fizi\u011fi ve Radyasyondan Korunma<\/strong><\/li><li><strong>Spektroskopi, Fotokimya ve Heyecanl\u0131 Durumlar<\/strong><\/li><li><strong>S\u00fcperiletkenler ve Teknolojik Uygulamalar<\/strong><\/li><li><strong>Toksikoloji<\/strong><\/li><li><strong>Topoloji<\/strong><\/li><li><strong>Uygulamal\u0131 Matematik<\/strong><\/li><li><strong>Yenilenebilir Enerji<\/strong><\/li><li><strong>Yo\u011fun Madde Fizi\u011fi<\/strong><\/li><\/ul>\n","protected":false},"excerpt":{"rendered":"<p>1.\u00a0 Sunulmak \u00fczere g\u00f6nderilen \u00f6zetler, se\u00e7kin Bilim Kurulu \u00dcyeleri taraf\u0131ndan kapsaml\u0131 bir se\u00e7im s\u00fcrecinden ge\u00e7ecektir.2.\u00a0 Sempozyumun resmi dili T\u00fcrk\u00e7e ve \u0130ngilizce olup, t\u00fcm \u00f6zetler \u0130ngilizce ve T\u00fcrk\u00e7e olarak yaz\u0131lmal\u0131 ve sunulmal\u0131d\u0131r. Kabul edilen sunumlar\u0131n s\u00fcresi 15+5 dakikad\u0131r. \u00d6zetler (m\u00fcmk\u00fcnse) bir sayfay\u0131 ge\u00e7memelidir.3. Yazarlar resmi \u015fablonu (Word) kullanmal\u0131 ve \u00f6zet \u015fablonunda ayr\u0131nt\u0131l\u0131 olarak verilen \u00f6zet y\u00f6nergelerine [&hellip;]<\/p>\n","protected":false},"author":1,"featured_media":0,"parent":0,"menu_order":0,"comment_status":"closed","ping_status":"closed","template":"","meta":{"footnotes":""},"class_list":["post-284","page","type-page","status-publish","hentry"],"_links":{"self":[{"href":"https:\/\/isfas2021.atauni.edu.tr\/index.php\/wp-json\/wp\/v2\/pages\/284","targetHints":{"allow":["GET"]}}],"collection":[{"href":"https:\/\/isfas2021.atauni.edu.tr\/index.php\/wp-json\/wp\/v2\/pages"}],"about":[{"href":"https:\/\/isfas2021.atauni.edu.tr\/index.php\/wp-json\/wp\/v2\/types\/page"}],"author":[{"embeddable":true,"href":"https:\/\/isfas2021.atauni.edu.tr\/index.php\/wp-json\/wp\/v2\/users\/1"}],"replies":[{"embeddable":true,"href":"https:\/\/isfas2021.atauni.edu.tr\/index.php\/wp-json\/wp\/v2\/comments?post=284"}],"version-history":[{"count":11,"href":"https:\/\/isfas2021.atauni.edu.tr\/index.php\/wp-json\/wp\/v2\/pages\/284\/revisions"}],"predecessor-version":[{"id":771,"href":"https:\/\/isfas2021.atauni.edu.tr\/index.php\/wp-json\/wp\/v2\/pages\/284\/revisions\/771"}],"wp:attachment":[{"href":"https:\/\/isfas2021.atauni.edu.tr\/index.php\/wp-json\/wp\/v2\/media?parent=284"}],"curies":[{"name":"wp","href":"https:\/\/api.w.org\/{rel}","templated":true}]}}