{"id":280,"date":"2021-06-07T13:08:10","date_gmt":"2021-06-07T10:08:10","guid":{"rendered":"https:\/\/isfas2021.atauni.edu.tr\/?page_id=280"},"modified":"2021-10-27T22:06:51","modified_gmt":"2021-10-27T19:06:51","slug":"onemli-tarihler","status":"publish","type":"page","link":"https:\/\/isfas2021.atauni.edu.tr\/index.php\/tr\/onemli-tarihler\/","title":{"rendered":"\u00d6nemli Tarihler"},"content":{"rendered":"\n<p class=\"has-text-color has-background\" style=\"background-color:#0174a5;color:#f9f9f9\"><strong>KONGRE TAKV\u0130M\u0130<\/strong><\/p>\n\n\n\n<p class=\"has-text-color has-background\" style=\"background-color:#0174a5;color:#f9f9f9\"><strong>Bildiri \u00f6zeti g\u00f6nderimi ba\u015flang\u0131\u00e7 tarihi<\/strong>: 10 Haziran 2021<\/p>\n\n\n\n<p class=\"has-text-color has-background\" style=\"background-color:#0174a5;color:#f9f9f9\"><strong>\u00d6zet g\u00f6nderimi i\u00e7in son tarih: 1 Eyl\u00fcl 2021<\/strong><\/p>\n\n\n\n<p class=\"has-text-color has-background\" style=\"background-color:#0174a5;color:#f9f9f9\"><strong>Tam metin g\u00f6nderimi i\u00e7in son tarih: 19 Eyl\u00fcl 2021<\/strong><\/p>\n\n\n\n<p class=\"has-text-color has-background\" style=\"background-color:#0174a5;color:#f9f9f9\"><strong>Sempozyum program\u0131 yay\u0131n tarihi: 6 Eyl\u00fcl 2021<\/strong><\/p>\n\n\n\n<p class=\"has-text-color has-background\" style=\"background-color:#0174a5;color:#f9f9f9\"><strong><strong>Sempozyum<\/strong> kitab\u0131 kesin yay\u0131n tarihi: 30 Kas\u0131m 2021<\/strong><\/p>\n","protected":false},"excerpt":{"rendered":"<p>KONGRE TAKV\u0130M\u0130 Bildiri \u00f6zeti g\u00f6nderimi ba\u015flang\u0131\u00e7 tarihi: 10 Haziran 2021 \u00d6zet g\u00f6nderimi i\u00e7in son tarih: 1 Eyl\u00fcl 2021 Tam metin g\u00f6nderimi i\u00e7in son tarih: 19 Eyl\u00fcl 2021 Sempozyum program\u0131 yay\u0131n tarihi: 6 Eyl\u00fcl 2021 Sempozyum kitab\u0131 kesin yay\u0131n tarihi: 30 Kas\u0131m 2021<\/p>\n","protected":false},"author":1,"featured_media":0,"parent":0,"menu_order":0,"comment_status":"closed","ping_status":"closed","template":"","meta":{"footnotes":""},"class_list":["post-280","page","type-page","status-publish","hentry"],"_links":{"self":[{"href":"https:\/\/isfas2021.atauni.edu.tr\/index.php\/wp-json\/wp\/v2\/pages\/280","targetHints":{"allow":["GET"]}}],"collection":[{"href":"https:\/\/isfas2021.atauni.edu.tr\/index.php\/wp-json\/wp\/v2\/pages"}],"about":[{"href":"https:\/\/isfas2021.atauni.edu.tr\/index.php\/wp-json\/wp\/v2\/types\/page"}],"author":[{"embeddable":true,"href":"https:\/\/isfas2021.atauni.edu.tr\/index.php\/wp-json\/wp\/v2\/users\/1"}],"replies":[{"embeddable":true,"href":"https:\/\/isfas2021.atauni.edu.tr\/index.php\/wp-json\/wp\/v2\/comments?post=280"}],"version-history":[{"count":6,"href":"https:\/\/isfas2021.atauni.edu.tr\/index.php\/wp-json\/wp\/v2\/pages\/280\/revisions"}],"predecessor-version":[{"id":913,"href":"https:\/\/isfas2021.atauni.edu.tr\/index.php\/wp-json\/wp\/v2\/pages\/280\/revisions\/913"}],"wp:attachment":[{"href":"https:\/\/isfas2021.atauni.edu.tr\/index.php\/wp-json\/wp\/v2\/media?parent=280"}],"curies":[{"name":"wp","href":"https:\/\/api.w.org\/{rel}","templated":true}]}}